{"id":2430,"date":"2021-10-04T11:04:34","date_gmt":"2021-10-04T09:04:34","guid":{"rendered":"https:\/\/idealead.eu\/?page_id=2430"},"modified":"2021-10-04T11:05:52","modified_gmt":"2021-10-04T09:05:52","slug":"formulaire-inscription-formation-manager-toulouse","status":"publish","type":"page","link":"https:\/\/idealead.eu\/index.php\/formulaire-inscription-formation-manager-toulouse\/","title":{"rendered":"Formulaire d&rsquo;inscription"},"content":{"rendered":"\t\t<div data-elementor-type=\"wp-page\" data-elementor-id=\"2430\" class=\"elementor elementor-2430\">\n\t\t\t\t\t\t<section class=\"elementor-section elementor-top-section elementor-element elementor-element-3d3bbc1 elementor-section-boxed elementor-section-height-default elementor-section-height-default\" data-id=\"3d3bbc1\" data-element_type=\"section\" data-settings=\"{&quot;background_background&quot;:&quot;gradient&quot;}\">\n\t\t\t\t\t\t<div class=\"elementor-container elementor-column-gap-no\">\n\t\t\t\t\t<div class=\"elementor-column elementor-col-100 elementor-top-column elementor-element elementor-element-f442e19\" data-id=\"f442e19\" data-element_type=\"column\">\n\t\t\t<div class=\"elementor-widget-wrap elementor-element-populated\">\n\t\t\t\t\t\t<section class=\"elementor-section elementor-inner-section elementor-element elementor-element-cb64ece elementor-section-boxed elementor-section-height-default elementor-section-height-default\" data-id=\"cb64ece\" data-element_type=\"section\">\n\t\t\t\t\t\t<div class=\"elementor-container elementor-column-gap-no\">\n\t\t\t\t\t<div class=\"elementor-column elementor-col-100 elementor-inner-column elementor-element elementor-element-773b1e3\" data-id=\"773b1e3\" data-element_type=\"column\" data-settings=\"{&quot;background_background&quot;:&quot;classic&quot;}\">\n\t\t\t<div class=\"elementor-widget-wrap elementor-element-populated\">\n\t\t\t\t\t\t<div class=\"elementor-element elementor-element-7ef3202 elementor-widget elementor-widget-heading\" data-id=\"7ef3202\" data-element_type=\"widget\" data-widget_type=\"heading.default\">\n\t\t\t\t<div class=\"elementor-widget-container\">\n\t\t\t<h3 class=\"elementor-heading-title elementor-size-default\">Formulaire d'inscription en ligne <\/h3>\t\t<\/div>\n\t\t\t\t<\/div>\n\t\t\t\t<div class=\"elementor-element elementor-element-3483109 elementor-widget elementor-widget-shortcode\" data-id=\"3483109\" data-element_type=\"widget\" data-widget_type=\"shortcode.default\">\n\t\t\t\t<div class=\"elementor-widget-container\">\n\t\t\t\t\t<div class=\"elementor-shortcode\"><div class=\"wpforms-container \" id=\"wpforms-2344\"><form id=\"wpforms-form-2344\" class=\"wpforms-validate wpforms-form wpforms-ajax-form\" data-formid=\"2344\" method=\"post\" enctype=\"multipart\/form-data\" action=\"\/index.php\/wp-json\/wp\/v2\/pages\/2430\" data-token=\"0f00b4d5722747fbab67b8126f94bffa\" data-token-time=\"1776358443\"><noscript class=\"wpforms-error-noscript\">Veuillez activer JavaScript dans votre navigateur pour remplir ce formulaire.<\/noscript><div class=\"wpforms-field-container\"><div id=\"wpforms-2344-field_6-container\" class=\"wpforms-field wpforms-field-radio\" data-field-id=\"6\"><label class=\"wpforms-field-label\">Lieu souhait\u00e9  <span class=\"wpforms-required-label\">*<\/span><\/label><ul id=\"wpforms-2344-field_6\" class=\"wpforms-field-required\"><li class=\"choice-1 depth-1\"><input type=\"radio\" id=\"wpforms-2344-field_6_1\" name=\"wpforms[fields][6]\" value=\"Toulouse\" required ><label class=\"wpforms-field-label-inline\" for=\"wpforms-2344-field_6_1\">Toulouse<\/label><\/li><li class=\"choice-4 depth-1\"><input type=\"radio\" id=\"wpforms-2344-field_6_4\" name=\"wpforms[fields][6]\" value=\"Paris\" required ><label class=\"wpforms-field-label-inline\" for=\"wpforms-2344-field_6_4\">Paris<\/label><\/li><li class=\"choice-2 depth-1\"><input type=\"radio\" id=\"wpforms-2344-field_6_2\" name=\"wpforms[fields][6]\" value=\"Lyon\" required ><label class=\"wpforms-field-label-inline\" for=\"wpforms-2344-field_6_2\">Lyon<\/label><\/li><li class=\"choice-3 depth-1\"><input type=\"radio\" id=\"wpforms-2344-field_6_3\" name=\"wpforms[fields][6]\" value=\"Rennes\" required ><label class=\"wpforms-field-label-inline\" for=\"wpforms-2344-field_6_3\">Rennes<\/label><\/li><\/ul><div class=\"wpforms-field-description\">Merci d'indiquer tous les lieux possibles pour vous<\/div><\/div><div id=\"wpforms-2344-field_7-container\" class=\"wpforms-field wpforms-field-radio\" data-field-id=\"7\"><label class=\"wpforms-field-label\">Formation envisag\u00e9e <span class=\"wpforms-required-label\">*<\/span><\/label><ul id=\"wpforms-2344-field_7\" class=\"wpforms-field-required\"><li class=\"choice-1 depth-1\"><input type=\"radio\" id=\"wpforms-2344-field_7_1\" name=\"wpforms[fields][7]\" value=\"Parcours Leader de soi \" required ><label class=\"wpforms-field-label-inline\" for=\"wpforms-2344-field_7_1\">Parcours Leader de soi<\/label><\/li><li class=\"choice-2 depth-1\"><input type=\"radio\" id=\"wpforms-2344-field_7_2\" name=\"wpforms[fields][7]\" value=\"Parcours Leader de R\u00e9union\" required ><label class=\"wpforms-field-label-inline\" for=\"wpforms-2344-field_7_2\">Parcours Leader de R\u00e9union<\/label><\/li><li class=\"choice-3 depth-1\"><input type=\"radio\" id=\"wpforms-2344-field_7_3\" name=\"wpforms[fields][7]\" value=\"Parcours Leader de projet\" required ><label class=\"wpforms-field-label-inline\" for=\"wpforms-2344-field_7_3\">Parcours Leader de projet<\/label><\/li><li class=\"choice-4 depth-1\"><input type=\"radio\" id=\"wpforms-2344-field_7_4\" name=\"wpforms[fields][7]\" value=\"Parcours Leader d&#039;\u00e9quipe\" required ><label class=\"wpforms-field-label-inline\" for=\"wpforms-2344-field_7_4\">Parcours Leader d'\u00e9quipe<\/label><\/li><li class=\"choice-5 depth-1\"><input type=\"radio\" id=\"wpforms-2344-field_7_5\" name=\"wpforms[fields][7]\" value=\"Autres formations (PNL, AT, Sophrologie, Voyage du h\u00e9ros, DISC)\" required ><label class=\"wpforms-field-label-inline\" for=\"wpforms-2344-field_7_5\">Autres formations (PNL, AT, Sophrologie, Voyage du h\u00e9ros, DISC)<\/label><\/li><\/ul><div class=\"wpforms-field-description\">Merci de cocher la ou les cases correspondantes. Vous serez rapidement rappel\u00e9(e) pour pr\u00e9ciser la session (dates) qui vous convient et l'\u00e9ventuelle \"autre formation\" que vous envisagez.<\/div><\/div><div id=\"wpforms-2344-field_27-container\" class=\"wpforms-field wpforms-field-text\" data-field-id=\"27\"><label class=\"wpforms-field-label\" for=\"wpforms-2344-field_27\">Autres formations <\/label><input type=\"text\" id=\"wpforms-2344-field_27\" class=\"wpforms-field-medium\" name=\"wpforms[fields][27]\" ><div class=\"wpforms-field-description\">Merci de pr\u00e9ciser quelle(s) autre(s) formation(s) vous int\u00e9ressent<\/div><\/div><div id=\"wpforms-2344-field_21-container\" class=\"wpforms-field wpforms-field-text\" data-field-id=\"21\"><label class=\"wpforms-field-label\" for=\"wpforms-2344-field_21\">NOM <span class=\"wpforms-required-label\">*<\/span><\/label><input type=\"text\" id=\"wpforms-2344-field_21\" class=\"wpforms-field-medium wpforms-field-required\" name=\"wpforms[fields][21]\" required><\/div><div id=\"wpforms-2344-field_22-container\" class=\"wpforms-field wpforms-field-text\" data-field-id=\"22\"><label class=\"wpforms-field-label\" for=\"wpforms-2344-field_22\">Pr\u00e9nom <span class=\"wpforms-required-label\">*<\/span><\/label><input type=\"text\" id=\"wpforms-2344-field_22\" class=\"wpforms-field-medium wpforms-field-required\" name=\"wpforms[fields][22]\" required><\/div><div id=\"wpforms-2344-field_23-container\" class=\"wpforms-field wpforms-field-text\" data-field-id=\"23\"><label class=\"wpforms-field-label\" for=\"wpforms-2344-field_23\">Fonction (intitul\u00e9 de votre poste) <span class=\"wpforms-required-label\">*<\/span><\/label><input type=\"text\" id=\"wpforms-2344-field_23\" class=\"wpforms-field-medium wpforms-field-required\" name=\"wpforms[fields][23]\" required><\/div><div id=\"wpforms-2344-field_2-container\" class=\"wpforms-field wpforms-field-text\" data-field-id=\"2\"><label class=\"wpforms-field-label\" for=\"wpforms-2344-field_2\">Adresse <span class=\"wpforms-required-label\">*<\/span><\/label><input type=\"text\" id=\"wpforms-2344-field_2\" class=\"wpforms-field-medium wpforms-field-required\" name=\"wpforms[fields][2]\" required><\/div><div id=\"wpforms-2344-field_15-container\" class=\"wpforms-field wpforms-field-text\" data-field-id=\"15\"><label class=\"wpforms-field-label\" for=\"wpforms-2344-field_15\">Code Postal <span class=\"wpforms-required-label\">*<\/span><\/label><input type=\"text\" id=\"wpforms-2344-field_15\" class=\"wpforms-field-small wpforms-field-required\" name=\"wpforms[fields][15]\" required><\/div><div id=\"wpforms-2344-field_13-container\" class=\"wpforms-field wpforms-field-text\" data-field-id=\"13\"><label class=\"wpforms-field-label\" for=\"wpforms-2344-field_13\">Ville <span class=\"wpforms-required-label\">*<\/span><\/label><input type=\"text\" id=\"wpforms-2344-field_13\" class=\"wpforms-field-medium wpforms-field-required\" name=\"wpforms[fields][13]\" required><\/div><div id=\"wpforms-2344-field_8-container\" class=\"wpforms-field wpforms-field-email\" data-field-id=\"8\"><label class=\"wpforms-field-label\" for=\"wpforms-2344-field_8\">E-mail <span class=\"wpforms-required-label\">*<\/span><\/label><input type=\"email\" id=\"wpforms-2344-field_8\" class=\"wpforms-field-medium wpforms-field-required\" name=\"wpforms[fields][8]\" spellcheck=\"false\" required><\/div><div id=\"wpforms-2344-field_9-container\" class=\"wpforms-field wpforms-field-text\" data-field-id=\"9\"><label class=\"wpforms-field-label\" for=\"wpforms-2344-field_9\">T\u00e9l\u00e9phone <span class=\"wpforms-required-label\">*<\/span><\/label><input type=\"text\" id=\"wpforms-2344-field_9\" class=\"wpforms-field-medium wpforms-field-required\" name=\"wpforms[fields][9]\" required><\/div><div id=\"wpforms-2344-field_10-container\" class=\"wpforms-field wpforms-field-name\" data-field-id=\"10\"><label class=\"wpforms-field-label\" for=\"wpforms-2344-field_10\">ENTREPRISE : (si vous vous inscrivez en tant que particulier, ne remplissez pas cette partie)<\/label><input type=\"text\" id=\"wpforms-2344-field_10\" class=\"wpforms-field-medium\" name=\"wpforms[fields][10]\" ><div class=\"wpforms-field-description\">Raison Sociale<\/div><\/div><div id=\"wpforms-2344-field_16-container\" class=\"wpforms-field wpforms-field-text\" data-field-id=\"16\"><label class=\"wpforms-field-label\" for=\"wpforms-2344-field_16\">Ville <\/label><input type=\"text\" id=\"wpforms-2344-field_16\" class=\"wpforms-field-medium\" name=\"wpforms[fields][16]\" ><\/div><div id=\"wpforms-2344-field_11-container\" class=\"wpforms-field wpforms-field-text\" data-field-id=\"11\"><label class=\"wpforms-field-label\" for=\"wpforms-2344-field_11\">Nom de la personne \u00e0 contacter dans l&#039;entreprise<\/label><input type=\"text\" id=\"wpforms-2344-field_11\" class=\"wpforms-field-medium\" name=\"wpforms[fields][11]\" ><\/div><div id=\"wpforms-2344-field_25-container\" class=\"wpforms-field wpforms-field-email\" data-field-id=\"25\"><label class=\"wpforms-field-label\" for=\"wpforms-2344-field_25\">E-mail<\/label><input type=\"email\" id=\"wpforms-2344-field_25\" class=\"wpforms-field-medium\" name=\"wpforms[fields][25]\" spellcheck=\"false\" ><\/div><div id=\"wpforms-2344-field_26-container\" class=\"wpforms-field wpforms-field-number\" data-field-id=\"26\"><label class=\"wpforms-field-label\" for=\"wpforms-2344-field_26\">T\u00e9l\u00e9phone<\/label><input type=\"number\" id=\"wpforms-2344-field_26\" class=\"wpforms-field-medium\" name=\"wpforms[fields][26]\" step=\"any\" ><\/div><div id=\"wpforms-2344-field_17-container\" class=\"wpforms-field wpforms-field-checkbox\" data-field-id=\"17\"><label class=\"wpforms-field-label\">FINANCEMENT ENVISAGE<\/label><ul id=\"wpforms-2344-field_17\"><li class=\"choice-1 depth-1\"><input type=\"checkbox\" id=\"wpforms-2344-field_17_1\" name=\"wpforms[fields][17][]\" value=\"Plan de Formation Entreprise\"  ><label class=\"wpforms-field-label-inline\" for=\"wpforms-2344-field_17_1\">Plan de Formation Entreprise<\/label><\/li><li class=\"choice-6 depth-1\"><input type=\"checkbox\" id=\"wpforms-2344-field_17_6\" name=\"wpforms[fields][17][]\" value=\"prise en charge OPCO\"  ><label class=\"wpforms-field-label-inline\" for=\"wpforms-2344-field_17_6\">prise en charge OPCO<\/label><\/li><li class=\"choice-2 depth-1\"><input type=\"checkbox\" id=\"wpforms-2344-field_17_2\" name=\"wpforms[fields][17][]\" value=\"CPF\"  ><label class=\"wpforms-field-label-inline\" for=\"wpforms-2344-field_17_2\">CPF<\/label><\/li><li class=\"choice-4 depth-1\"><input type=\"checkbox\" id=\"wpforms-2344-field_17_4\" name=\"wpforms[fields][17][]\" value=\"Individuel\"  ><label class=\"wpforms-field-label-inline\" for=\"wpforms-2344-field_17_4\">Individuel<\/label><\/li><li class=\"choice-5 depth-1\"><input type=\"checkbox\" id=\"wpforms-2344-field_17_5\" name=\"wpforms[fields][17][]\" value=\"Autres\"  ><label class=\"wpforms-field-label-inline\" for=\"wpforms-2344-field_17_5\">Autres<\/label><\/li><li class=\"choice-7 depth-1\"><input type=\"checkbox\" id=\"wpforms-2344-field_17_7\" name=\"wpforms[fields][17][]\" value=\"Ne sait pas encore\"  ><label class=\"wpforms-field-label-inline\" for=\"wpforms-2344-field_17_7\">Ne sait pas encore<\/label><\/li><\/ul><div class=\"wpforms-field-description\">Certains parcours sont encore en cours d'enregistrement au registre sp\u00e9cifique de France Comp\u00e9tences pour pouvoir \u00eatre \u00e9ligibles au CPF. Nous vous renseignerons plus pr\u00e9cis\u00e9ment lors de notre entretien t\u00e9l\u00e9phonique. <\/div><\/div><\/div><!-- .wpforms-field-container --><div class=\"wpforms-recaptcha-container wpforms-is-recaptcha wpforms-is-recaptcha-type-v2\" ><div class=\"g-recaptcha\" data-sitekey=\"6LejMBwgAAAAADAowvrzbbRNDt-UI3kI_S2m8pHL\"><\/div><input type=\"text\" name=\"g-recaptcha-hidden\" class=\"wpforms-recaptcha-hidden\" style=\"position:absolute!important;clip:rect(0,0,0,0)!important;height:1px!important;width:1px!important;border:0!important;overflow:hidden!important;padding:0!important;margin:0!important;\" data-rule-recaptcha=\"1\"><\/div><div class=\"wpforms-submit-container\" ><input type=\"hidden\" name=\"wpforms[id]\" value=\"2344\"><input type=\"hidden\" name=\"page_title\" value=\"\"><input type=\"hidden\" name=\"page_url\" value=\"https:\/\/idealead.eu\/index.php\/wp-json\/wp\/v2\/pages\/2430\"><input type=\"hidden\" name=\"url_referer\" value=\"\"><button type=\"submit\" name=\"wpforms[submit]\" id=\"wpforms-submit-2344\" class=\"wpforms-submit\" data-alt-text=\"Envoi...\" data-submit-text=\"Envoyer\" aria-live=\"assertive\" value=\"wpforms-submit\">Envoyer<\/button><img decoding=\"async\" src=\"https:\/\/idealead.eu\/wp-content\/plugins\/wpforms-lite\/assets\/images\/submit-spin.svg\" class=\"wpforms-submit-spinner\" style=\"display: none;\" width=\"26\" height=\"26\" alt=\"Chargement en cours\"><\/div><\/form><\/div>  <!-- .wpforms-container -->\t\n<\/div>\n\t\t\t\t<\/div>\n\t\t\t\t<\/div>\n\t\t\t\t\t<\/div>\n\t\t<\/div>\n\t\t\t\t\t<\/div>\n\t\t<\/section>\n\t\t\t\t\t<\/div>\n\t\t<\/div>\n\t\t\t\t\t<\/div>\n\t\t<\/section>\n\t\t\t\t<\/div>\n\t\t","protected":false},"excerpt":{"rendered":"<p>Formulaire d&rsquo;inscription en ligne<\/p>\n","protected":false},"author":2,"featured_media":0,"parent":0,"menu_order":0,"comment_status":"closed","ping_status":"closed","template":"","meta":{"site-sidebar-layout":"no-sidebar","site-content-layout":"page-builder","ast-site-content-layout":"","site-content-style":"default","site-sidebar-style":"default","ast-global-header-display":"","ast-banner-title-visibility":"","ast-main-header-display":"","ast-hfb-above-header-display":"","ast-hfb-below-header-display":"","ast-hfb-mobile-header-display":"","site-post-title":"disabled","ast-breadcrumbs-content":"disabled","ast-featured-img":"disabled","footer-sml-layout":"","theme-transparent-header-meta":"disabled","adv-header-id-meta":"","stick-header-meta":"","header-above-stick-meta":"","header-main-stick-meta":"","header-below-stick-meta":"","astra-migrate-meta-layouts":"default","ast-page-background-enabled":"default","ast-page-background-meta":{"desktop":{"background-color":"","background-image":"","background-repeat":"repeat","background-position":"center center","background-size":"auto","background-attachment":"scroll","background-type":"","background-media":"","overlay-type":"","overlay-color":"","overlay-gradient":""},"tablet":{"background-color":"","background-image":"","background-repeat":"repeat","background-position":"center center","background-size":"auto","background-attachment":"scroll","background-type":"","background-media":"","overlay-type":"","overlay-color":"","overlay-gradient":""},"mobile":{"background-color":"","background-image":"","background-repeat":"repeat","background-position":"center center","background-size":"auto","background-attachment":"scroll","background-type":"","background-media":"","overlay-type":"","overlay-color":"","overlay-gradient":""}},"ast-content-background-meta":{"desktop":{"background-color":"var(--ast-global-color-5)","background-image":"","background-repeat":"repeat","background-position":"center center","background-size":"auto","background-attachment":"scroll","background-type":"","background-media":"","overlay-type":"","overlay-color":"","overlay-gradient":""},"tablet":{"background-color":"var(--ast-global-color-5)","background-image":"","background-repeat":"repeat","background-position":"center center","background-size":"auto","background-attachment":"scroll","background-type":"","background-media":"","overlay-type":"","overlay-color":"","overlay-gradient":""},"mobile":{"background-color":"var(--ast-global-color-5)","background-image":"","background-repeat":"repeat","background-position":"center center","background-size":"auto","background-attachment":"scroll","background-type":"","background-media":"","overlay-type":"","overlay-color":"","overlay-gradient":""}}},"yoast_head":"<!-- This site is optimized with the Yoast SEO plugin v21.8.1 - https:\/\/yoast.com\/wordpress\/plugins\/seo\/ -->\n<title>Formulaire d&#039;inscription - Formation pour les managers - Idealead<\/title>\n<meta name=\"description\" content=\"Vous souhaitez suivre une formation pour devenir un meilleur manager ? D\u00e9couvrez nos formations et inscrivez vous directement en ligne !\" \/>\n<meta name=\"robots\" content=\"index, follow, max-snippet:-1, max-image-preview:large, max-video-preview:-1\" \/>\n<link rel=\"canonical\" href=\"https:\/\/idealead.eu\/index.php\/formulaire-inscription-formation-manager-toulouse\/\" \/>\n<meta property=\"og:locale\" content=\"fr_FR\" \/>\n<meta property=\"og:type\" content=\"article\" \/>\n<meta property=\"og:title\" content=\"Formulaire d&#039;inscription - Formation pour les managers - Idealead\" \/>\n<meta property=\"og:description\" content=\"Vous souhaitez suivre une formation pour devenir un meilleur manager ? D\u00e9couvrez nos formations et inscrivez vous directement en ligne !\" \/>\n<meta property=\"og:url\" content=\"https:\/\/idealead.eu\/index.php\/formulaire-inscription-formation-manager-toulouse\/\" \/>\n<meta property=\"og:site_name\" content=\"Idealead\" \/>\n<meta property=\"article:modified_time\" content=\"2021-10-04T09:05:52+00:00\" \/>\n<meta name=\"twitter:card\" content=\"summary_large_image\" \/>\n<meta name=\"twitter:label1\" content=\"Dur\u00e9e de lecture estim\u00e9e\" \/>\n\t<meta name=\"twitter:data1\" content=\"1 minute\" \/>\n<script type=\"application\/ld+json\" class=\"yoast-schema-graph\">{\"@context\":\"https:\/\/schema.org\",\"@graph\":[{\"@type\":\"WebPage\",\"@id\":\"https:\/\/idealead.eu\/index.php\/formulaire-inscription-formation-manager-toulouse\/\",\"url\":\"https:\/\/idealead.eu\/index.php\/formulaire-inscription-formation-manager-toulouse\/\",\"name\":\"Formulaire d'inscription - Formation pour les managers - Idealead\",\"isPartOf\":{\"@id\":\"https:\/\/idealead.eu\/#website\"},\"datePublished\":\"2021-10-04T09:04:34+00:00\",\"dateModified\":\"2021-10-04T09:05:52+00:00\",\"description\":\"Vous souhaitez suivre une formation pour devenir un meilleur manager ? D\u00e9couvrez nos formations et inscrivez vous directement en ligne !\",\"breadcrumb\":{\"@id\":\"https:\/\/idealead.eu\/index.php\/formulaire-inscription-formation-manager-toulouse\/#breadcrumb\"},\"inLanguage\":\"fr-FR\",\"potentialAction\":[{\"@type\":\"ReadAction\",\"target\":[\"https:\/\/idealead.eu\/index.php\/formulaire-inscription-formation-manager-toulouse\/\"]}]},{\"@type\":\"BreadcrumbList\",\"@id\":\"https:\/\/idealead.eu\/index.php\/formulaire-inscription-formation-manager-toulouse\/#breadcrumb\",\"itemListElement\":[{\"@type\":\"ListItem\",\"position\":1,\"name\":\"Accueil\",\"item\":\"https:\/\/idealead.eu\/\"},{\"@type\":\"ListItem\",\"position\":2,\"name\":\"Formulaire d&rsquo;inscription\"}]},{\"@type\":\"WebSite\",\"@id\":\"https:\/\/idealead.eu\/#website\",\"url\":\"https:\/\/idealead.eu\/\",\"name\":\"Idealead\",\"description\":\"Pour un management et un leadership humaniste\",\"publisher\":{\"@id\":\"https:\/\/idealead.eu\/#organization\"},\"potentialAction\":[{\"@type\":\"SearchAction\",\"target\":{\"@type\":\"EntryPoint\",\"urlTemplate\":\"https:\/\/idealead.eu\/?s={search_term_string}\"},\"query-input\":\"required name=search_term_string\"}],\"inLanguage\":\"fr-FR\"},{\"@type\":\"Organization\",\"@id\":\"https:\/\/idealead.eu\/#organization\",\"name\":\"Idealead\",\"url\":\"https:\/\/idealead.eu\/\",\"logo\":{\"@type\":\"ImageObject\",\"inLanguage\":\"fr-FR\",\"@id\":\"https:\/\/idealead.eu\/#\/schema\/logo\/image\/\",\"url\":\"https:\/\/idealead.eu\/wp-content\/uploads\/2021\/08\/cropped-logo-1-oiseau-blanc_point-violet_soleil-orange-.png\",\"contentUrl\":\"https:\/\/idealead.eu\/wp-content\/uploads\/2021\/08\/cropped-logo-1-oiseau-blanc_point-violet_soleil-orange-.png\",\"width\":1091,\"height\":632,\"caption\":\"Idealead\"},\"image\":{\"@id\":\"https:\/\/idealead.eu\/#\/schema\/logo\/image\/\"}}]}<\/script>\n<!-- \/ Yoast SEO plugin. -->","yoast_head_json":{"title":"Formulaire d'inscription - Formation pour les managers - Idealead","description":"Vous souhaitez suivre une formation pour devenir un meilleur manager ? D\u00e9couvrez nos formations et inscrivez vous directement en ligne !","robots":{"index":"index","follow":"follow","max-snippet":"max-snippet:-1","max-image-preview":"max-image-preview:large","max-video-preview":"max-video-preview:-1"},"canonical":"https:\/\/idealead.eu\/index.php\/formulaire-inscription-formation-manager-toulouse\/","og_locale":"fr_FR","og_type":"article","og_title":"Formulaire d'inscription - Formation pour les managers - Idealead","og_description":"Vous souhaitez suivre une formation pour devenir un meilleur manager ? D\u00e9couvrez nos formations et inscrivez vous directement en ligne !","og_url":"https:\/\/idealead.eu\/index.php\/formulaire-inscription-formation-manager-toulouse\/","og_site_name":"Idealead","article_modified_time":"2021-10-04T09:05:52+00:00","twitter_card":"summary_large_image","twitter_misc":{"Dur\u00e9e de lecture estim\u00e9e":"1 minute"},"schema":{"@context":"https:\/\/schema.org","@graph":[{"@type":"WebPage","@id":"https:\/\/idealead.eu\/index.php\/formulaire-inscription-formation-manager-toulouse\/","url":"https:\/\/idealead.eu\/index.php\/formulaire-inscription-formation-manager-toulouse\/","name":"Formulaire d'inscription - Formation pour les managers - Idealead","isPartOf":{"@id":"https:\/\/idealead.eu\/#website"},"datePublished":"2021-10-04T09:04:34+00:00","dateModified":"2021-10-04T09:05:52+00:00","description":"Vous souhaitez suivre une formation pour devenir un meilleur manager ? D\u00e9couvrez nos formations et inscrivez vous directement en ligne !","breadcrumb":{"@id":"https:\/\/idealead.eu\/index.php\/formulaire-inscription-formation-manager-toulouse\/#breadcrumb"},"inLanguage":"fr-FR","potentialAction":[{"@type":"ReadAction","target":["https:\/\/idealead.eu\/index.php\/formulaire-inscription-formation-manager-toulouse\/"]}]},{"@type":"BreadcrumbList","@id":"https:\/\/idealead.eu\/index.php\/formulaire-inscription-formation-manager-toulouse\/#breadcrumb","itemListElement":[{"@type":"ListItem","position":1,"name":"Accueil","item":"https:\/\/idealead.eu\/"},{"@type":"ListItem","position":2,"name":"Formulaire d&rsquo;inscription"}]},{"@type":"WebSite","@id":"https:\/\/idealead.eu\/#website","url":"https:\/\/idealead.eu\/","name":"Idealead","description":"Pour un management et un leadership humaniste","publisher":{"@id":"https:\/\/idealead.eu\/#organization"},"potentialAction":[{"@type":"SearchAction","target":{"@type":"EntryPoint","urlTemplate":"https:\/\/idealead.eu\/?s={search_term_string}"},"query-input":"required name=search_term_string"}],"inLanguage":"fr-FR"},{"@type":"Organization","@id":"https:\/\/idealead.eu\/#organization","name":"Idealead","url":"https:\/\/idealead.eu\/","logo":{"@type":"ImageObject","inLanguage":"fr-FR","@id":"https:\/\/idealead.eu\/#\/schema\/logo\/image\/","url":"https:\/\/idealead.eu\/wp-content\/uploads\/2021\/08\/cropped-logo-1-oiseau-blanc_point-violet_soleil-orange-.png","contentUrl":"https:\/\/idealead.eu\/wp-content\/uploads\/2021\/08\/cropped-logo-1-oiseau-blanc_point-violet_soleil-orange-.png","width":1091,"height":632,"caption":"Idealead"},"image":{"@id":"https:\/\/idealead.eu\/#\/schema\/logo\/image\/"}}]}},"_links":{"self":[{"href":"https:\/\/idealead.eu\/index.php\/wp-json\/wp\/v2\/pages\/2430"}],"collection":[{"href":"https:\/\/idealead.eu\/index.php\/wp-json\/wp\/v2\/pages"}],"about":[{"href":"https:\/\/idealead.eu\/index.php\/wp-json\/wp\/v2\/types\/page"}],"author":[{"embeddable":true,"href":"https:\/\/idealead.eu\/index.php\/wp-json\/wp\/v2\/users\/2"}],"replies":[{"embeddable":true,"href":"https:\/\/idealead.eu\/index.php\/wp-json\/wp\/v2\/comments?post=2430"}],"version-history":[{"count":4,"href":"https:\/\/idealead.eu\/index.php\/wp-json\/wp\/v2\/pages\/2430\/revisions"}],"predecessor-version":[{"id":2434,"href":"https:\/\/idealead.eu\/index.php\/wp-json\/wp\/v2\/pages\/2430\/revisions\/2434"}],"wp:attachment":[{"href":"https:\/\/idealead.eu\/index.php\/wp-json\/wp\/v2\/media?parent=2430"}],"curies":[{"name":"wp","href":"https:\/\/api.w.org\/{rel}","templated":true}]}}